{"id":91,"date":"2023-09-01T19:30:37","date_gmt":"2023-09-01T17:30:37","guid":{"rendered":"https:\/\/v4.sly-second.tech\/?page_id=91"},"modified":"2023-09-04T17:50:14","modified_gmt":"2023-09-04T15:50:14","slug":"91-2","status":"publish","type":"page","link":"https:\/\/v4.sly-second.tech\/index.php\/91-2\/","title":{"rendered":"Contactez nous"},"content":{"rendered":"<p>[et_pb_section fb_built=&#8221;1&#8243; _builder_version=&#8221;4.16.0&#8243; _module_preset=&#8221;default&#8221; global_colors_info=&#8221;{}&#8221;][et_pb_row _builder_version=&#8221;4.16.0&#8243; _module_preset=&#8221;default&#8221; background_enable_color=&#8221;off&#8221; hover_enabled=&#8221;0&#8243; global_colors_info=&#8221;{}&#8221; sticky_enabled=&#8221;0&#8243;][et_pb_column type=&#8221;4_4&#8243; _builder_version=&#8221;4.16.0&#8243; _module_preset=&#8221;default&#8221; global_colors_info=&#8221;{}&#8221;][et_pb_contact_form title=&#8221;Envoyez nous un message&#8221; submit_button_text=&#8221;Envoi&#8221; _builder_version=&#8221;4.16.0&#8243; _module_preset=&#8221;default&#8221; _unique_id=&#8221;3d795eb8-388e-47e1-8d69-6d07e296e2c0&#8243; form_field_background_color=&#8221;#FFFFFF&#8221; title_text_align=&#8221;center&#8221; title_text_color=&#8221;#FFFFFF&#8221; background_color=&#8221;#7C9D96&#8243; custom_button=&#8221;on&#8221; button_text_color=&#8221;#FFFFFF&#8221; button_bg_color=&#8221;#E9B384&#8243; button_border_width=&#8221;0px&#8221; button_border_radius=&#8221;10px&#8221; button_custom_margin=&#8221;|8px||8px|false|true&#8221; custom_margin=&#8221;||78px|||&#8221; custom_padding=&#8221;||16px|||&#8221; hover_enabled=&#8221;0&#8243; box_shadow_style_button=&#8221;preset2&#8243; global_colors_info=&#8221;{}&#8221; sticky_enabled=&#8221;0&#8243; box_shadow_style=&#8221;preset2&#8243;][et_pb_contact_field field_id=&#8221;Name&#8221; field_title=&#8221;Nom&#8221; min_length=&#8221;1&#8243; _builder_version=&#8221;4.16.0&#8243; width=&#8221;100%&#8221; max_width=&#8221;100%&#8221; custom_margin=&#8221;|||6px|false|false&#8221; border_radii=&#8221;on|11px|11px|11px|11px&#8221; box_shadow_style=&#8221;preset2&#8243; global_colors_info=&#8221;{}&#8221; button_text_size__hover_enabled=&#8221;off&#8221; button_one_text_size__hover_enabled=&#8221;off&#8221; button_two_text_size__hover_enabled=&#8221;off&#8221; button_text_color__hover_enabled=&#8221;off&#8221; button_one_text_color__hover_enabled=&#8221;off&#8221; button_two_text_color__hover_enabled=&#8221;off&#8221; button_border_width__hover_enabled=&#8221;off&#8221; button_one_border_width__hover_enabled=&#8221;off&#8221; button_two_border_width__hover_enabled=&#8221;off&#8221; button_border_color__hover_enabled=&#8221;off&#8221; button_one_border_color__hover_enabled=&#8221;off&#8221; button_two_border_color__hover_enabled=&#8221;off&#8221; button_border_radius__hover_enabled=&#8221;off&#8221; button_one_border_radius__hover_enabled=&#8221;off&#8221; button_two_border_radius__hover_enabled=&#8221;off&#8221; button_letter_spacing__hover_enabled=&#8221;off&#8221; button_one_letter_spacing__hover_enabled=&#8221;off&#8221; button_two_letter_spacing__hover_enabled=&#8221;off&#8221; button_bg_color__hover_enabled=&#8221;off&#8221; button_one_bg_color__hover_enabled=&#8221;off&#8221; button_two_bg_color__hover_enabled=&#8221;off&#8221;][\/et_pb_contact_field][et_pb_contact_field field_id=&#8221;Email&#8221; field_title=&#8221;Adresse e-mail&#8221; field_type=&#8221;email&#8221; _builder_version=&#8221;4.16.0&#8243; width=&#8221;100%&#8221; max_width=&#8221;100%&#8221; custom_margin=&#8221;|||6px|false|false&#8221; border_radii=&#8221;on|10px|10px|10px|10px&#8221; box_shadow_style=&#8221;preset2&#8243; global_colors_info=&#8221;{}&#8221; button_text_size__hover_enabled=&#8221;off&#8221; button_one_text_size__hover_enabled=&#8221;off&#8221; button_two_text_size__hover_enabled=&#8221;off&#8221; button_text_color__hover_enabled=&#8221;off&#8221; button_one_text_color__hover_enabled=&#8221;off&#8221; button_two_text_color__hover_enabled=&#8221;off&#8221; button_border_width__hover_enabled=&#8221;off&#8221; button_one_border_width__hover_enabled=&#8221;off&#8221; button_two_border_width__hover_enabled=&#8221;off&#8221; button_border_color__hover_enabled=&#8221;off&#8221; button_one_border_color__hover_enabled=&#8221;off&#8221; button_two_border_color__hover_enabled=&#8221;off&#8221; button_border_radius__hover_enabled=&#8221;off&#8221; button_one_border_radius__hover_enabled=&#8221;off&#8221; button_two_border_radius__hover_enabled=&#8221;off&#8221; button_letter_spacing__hover_enabled=&#8221;off&#8221; button_one_letter_spacing__hover_enabled=&#8221;off&#8221; button_two_letter_spacing__hover_enabled=&#8221;off&#8221; button_bg_color__hover_enabled=&#8221;off&#8221; button_one_bg_color__hover_enabled=&#8221;off&#8221; button_two_bg_color__hover_enabled=&#8221;off&#8221;][\/et_pb_contact_field][et_pb_contact_field field_id=&#8221;Message&#8221; field_title=&#8221;Message&#8221; field_type=&#8221;text&#8221; fullwidth_field=&#8221;on&#8221; _builder_version=&#8221;4.16.0&#8243; width=&#8221;97%&#8221; custom_margin=&#8221;|0px||6px|false|false&#8221; border_radii=&#8221;on|12px|12px|12px|12px&#8221; box_shadow_style=&#8221;preset2&#8243; global_colors_info=&#8221;{}&#8221; button_text_size__hover_enabled=&#8221;off&#8221; button_one_text_size__hover_enabled=&#8221;off&#8221; button_two_text_size__hover_enabled=&#8221;off&#8221; button_text_color__hover_enabled=&#8221;off&#8221; button_one_text_color__hover_enabled=&#8221;off&#8221; button_two_text_color__hover_enabled=&#8221;off&#8221; button_border_width__hover_enabled=&#8221;off&#8221; button_one_border_width__hover_enabled=&#8221;off&#8221; button_two_border_width__hover_enabled=&#8221;off&#8221; button_border_color__hover_enabled=&#8221;off&#8221; button_one_border_color__hover_enabled=&#8221;off&#8221; button_two_border_color__hover_enabled=&#8221;off&#8221; button_border_radius__hover_enabled=&#8221;off&#8221; button_one_border_radius__hover_enabled=&#8221;off&#8221; button_two_border_radius__hover_enabled=&#8221;off&#8221; button_letter_spacing__hover_enabled=&#8221;off&#8221; button_one_letter_spacing__hover_enabled=&#8221;off&#8221; button_two_letter_spacing__hover_enabled=&#8221;off&#8221; button_bg_color__hover_enabled=&#8221;off&#8221; button_one_bg_color__hover_enabled=&#8221;off&#8221; button_two_bg_color__hover_enabled=&#8221;off&#8221;][\/et_pb_contact_field][\/et_pb_contact_form][et_pb_signup provider=&#8221;sendinblue&#8221; sendinblue_list=&#8221;Essai MArley|5&#8243; name_field=&#8221;on&#8221; success_message=&#8221;Nous avons re\u00e7u votre adresse ; merci&#8221; title=&#8221;Laissez nous votre adresse&#8221; button_text=&#8221;Je m&#8217;abonne&#8221; description=&#8221;<\/p>\n<p>Nous vous enverrons r\u00e9guli\u00e8rement des informations sur notre chanteur pr\u00e9f\u00e9r\u00e9<\/p>\n<p>&#8221; _builder_version=&#8221;4.16.0&#8243; _module_preset=&#8221;default&#8221; form_field_background_color=&#8221;#FFFFFF&#8221; form_field_focus_background_color=&#8221;#E9B384&#8243; custom_button=&#8221;on&#8221; button_text_size=&#8221;21px&#8221; button_text_color=&#8221;#FFFFFF&#8221; button_bg_color=&#8221;#E9B384&#8243; button_border_width=&#8221;0px&#8221; button_border_radius=&#8221;10px&#8221; button_icon=&#8221;&#x24;||divi||400&#8243; hover_enabled=&#8221;0&#8243; global_colors_info=&#8221;{}&#8221; background_color=&#8221;#7C9D96&#8243; sticky_enabled=&#8221;0&#8243; box_shadow_style=&#8221;preset2&#8243;][\/et_pb_signup][\/et_pb_column][\/et_pb_row][\/et_pb_section]<\/p>\n","protected":false},"excerpt":{"rendered":"","protected":false},"author":1,"featured_media":0,"parent":0,"menu_order":0,"comment_status":"closed","ping_status":"closed","template":"","meta":{"_et_pb_use_builder":"on","_et_pb_old_content":"","_et_gb_content_width":"","footnotes":""},"class_list":["post-91","page","type-page","status-publish","hentry"],"yoast_head":"<!-- This site is optimized with the Yoast SEO plugin v26.7 - https:\/\/yoast.com\/wordpress\/plugins\/seo\/ -->\n<title>Contactez nous - v4sly<\/title>\n<meta name=\"robots\" content=\"index, follow, max-snippet:-1, max-image-preview:large, max-video-preview:-1\" \/>\n<link rel=\"canonical\" href=\"https:\/\/v4.sly-second.tech\/index.php\/91-2\/\" \/>\n<meta property=\"og:locale\" content=\"en_US\" \/>\n<meta property=\"og:type\" content=\"article\" \/>\n<meta property=\"og:title\" content=\"Contactez nous - v4sly\" \/>\n<meta property=\"og:url\" content=\"https:\/\/v4.sly-second.tech\/index.php\/91-2\/\" \/>\n<meta property=\"og:site_name\" content=\"v4sly\" \/>\n<meta property=\"article:modified_time\" content=\"2023-09-04T15:50:14+00:00\" \/>\n<meta name=\"twitter:card\" content=\"summary_large_image\" \/>\n<meta name=\"twitter:label1\" content=\"Est. reading time\" \/>\n\t<meta name=\"twitter:data1\" content=\"4 minutes\" \/>\n<script type=\"application\/ld+json\" class=\"yoast-schema-graph\">{\"@context\":\"https:\/\/schema.org\",\"@graph\":[{\"@type\":\"WebPage\",\"@id\":\"https:\/\/v4.sly-second.tech\/index.php\/91-2\/\",\"url\":\"https:\/\/v4.sly-second.tech\/index.php\/91-2\/\",\"name\":\"Contactez nous - v4sly\",\"isPartOf\":{\"@id\":\"https:\/\/v4.sly-second.tech\/#website\"},\"datePublished\":\"2023-09-01T17:30:37+00:00\",\"dateModified\":\"2023-09-04T15:50:14+00:00\",\"breadcrumb\":{\"@id\":\"https:\/\/v4.sly-second.tech\/index.php\/91-2\/#breadcrumb\"},\"inLanguage\":\"en-US\",\"potentialAction\":[{\"@type\":\"ReadAction\",\"target\":[\"https:\/\/v4.sly-second.tech\/index.php\/91-2\/\"]}]},{\"@type\":\"BreadcrumbList\",\"@id\":\"https:\/\/v4.sly-second.tech\/index.php\/91-2\/#breadcrumb\",\"itemListElement\":[{\"@type\":\"ListItem\",\"position\":1,\"name\":\"Accueil\",\"item\":\"https:\/\/v4.sly-second.tech\/\"},{\"@type\":\"ListItem\",\"position\":2,\"name\":\"Contactez nous\"}]},{\"@type\":\"WebSite\",\"@id\":\"https:\/\/v4.sly-second.tech\/#website\",\"url\":\"https:\/\/v4.sly-second.tech\/\",\"name\":\"v4sly\",\"description\":\"\",\"potentialAction\":[{\"@type\":\"SearchAction\",\"target\":{\"@type\":\"EntryPoint\",\"urlTemplate\":\"https:\/\/v4.sly-second.tech\/?s={search_term_string}\"},\"query-input\":{\"@type\":\"PropertyValueSpecification\",\"valueRequired\":true,\"valueName\":\"search_term_string\"}}],\"inLanguage\":\"en-US\"}]}<\/script>\n<!-- \/ Yoast SEO plugin. -->","yoast_head_json":{"title":"Contactez nous - v4sly","robots":{"index":"index","follow":"follow","max-snippet":"max-snippet:-1","max-image-preview":"max-image-preview:large","max-video-preview":"max-video-preview:-1"},"canonical":"https:\/\/v4.sly-second.tech\/index.php\/91-2\/","og_locale":"en_US","og_type":"article","og_title":"Contactez nous - v4sly","og_url":"https:\/\/v4.sly-second.tech\/index.php\/91-2\/","og_site_name":"v4sly","article_modified_time":"2023-09-04T15:50:14+00:00","twitter_card":"summary_large_image","twitter_misc":{"Est. reading time":"4 minutes"},"schema":{"@context":"https:\/\/schema.org","@graph":[{"@type":"WebPage","@id":"https:\/\/v4.sly-second.tech\/index.php\/91-2\/","url":"https:\/\/v4.sly-second.tech\/index.php\/91-2\/","name":"Contactez nous - v4sly","isPartOf":{"@id":"https:\/\/v4.sly-second.tech\/#website"},"datePublished":"2023-09-01T17:30:37+00:00","dateModified":"2023-09-04T15:50:14+00:00","breadcrumb":{"@id":"https:\/\/v4.sly-second.tech\/index.php\/91-2\/#breadcrumb"},"inLanguage":"en-US","potentialAction":[{"@type":"ReadAction","target":["https:\/\/v4.sly-second.tech\/index.php\/91-2\/"]}]},{"@type":"BreadcrumbList","@id":"https:\/\/v4.sly-second.tech\/index.php\/91-2\/#breadcrumb","itemListElement":[{"@type":"ListItem","position":1,"name":"Accueil","item":"https:\/\/v4.sly-second.tech\/"},{"@type":"ListItem","position":2,"name":"Contactez nous"}]},{"@type":"WebSite","@id":"https:\/\/v4.sly-second.tech\/#website","url":"https:\/\/v4.sly-second.tech\/","name":"v4sly","description":"","potentialAction":[{"@type":"SearchAction","target":{"@type":"EntryPoint","urlTemplate":"https:\/\/v4.sly-second.tech\/?s={search_term_string}"},"query-input":{"@type":"PropertyValueSpecification","valueRequired":true,"valueName":"search_term_string"}}],"inLanguage":"en-US"}]}},"_links":{"self":[{"href":"https:\/\/v4.sly-second.tech\/index.php\/wp-json\/wp\/v2\/pages\/91","targetHints":{"allow":["GET"]}}],"collection":[{"href":"https:\/\/v4.sly-second.tech\/index.php\/wp-json\/wp\/v2\/pages"}],"about":[{"href":"https:\/\/v4.sly-second.tech\/index.php\/wp-json\/wp\/v2\/types\/page"}],"author":[{"embeddable":true,"href":"https:\/\/v4.sly-second.tech\/index.php\/wp-json\/wp\/v2\/users\/1"}],"replies":[{"embeddable":true,"href":"https:\/\/v4.sly-second.tech\/index.php\/wp-json\/wp\/v2\/comments?post=91"}],"version-history":[{"count":11,"href":"https:\/\/v4.sly-second.tech\/index.php\/wp-json\/wp\/v2\/pages\/91\/revisions"}],"predecessor-version":[{"id":194,"href":"https:\/\/v4.sly-second.tech\/index.php\/wp-json\/wp\/v2\/pages\/91\/revisions\/194"}],"wp:attachment":[{"href":"https:\/\/v4.sly-second.tech\/index.php\/wp-json\/wp\/v2\/media?parent=91"}],"curies":[{"name":"wp","href":"https:\/\/api.w.org\/{rel}","templated":true}]}}