{"id":14,"date":"2023-08-22T12:56:01","date_gmt":"2023-08-22T10:56:01","guid":{"rendered":"https:\/\/v4.sly-second.tech\/?page_id=14"},"modified":"2023-09-04T10:24:49","modified_gmt":"2023-09-04T08:24:49","slug":"accueil","status":"publish","type":"page","link":"https:\/\/v4.sly-second.tech\/","title":{"rendered":"Accueil"},"content":{"rendered":"<p>[et_pb_section fb_built=&#8221;1&#8243; _builder_version=&#8221;4.16.0&#8243; _module_preset=&#8221;default&#8221; custom_margin=&#8221;||-8px|||&#8221; custom_padding=&#8221;6px|||||&#8221; hover_enabled=&#8221;0&#8243; global_colors_info=&#8221;{}&#8221; background_color=&#8221;RGBA(255,255,255,0)&#8221; sticky_enabled=&#8221;0&#8243;][et_pb_row _builder_version=&#8221;4.16.0&#8243; _module_preset=&#8221;default&#8221; global_colors_info=&#8221;{}&#8221;][et_pb_column type=&#8221;4_4&#8243; _builder_version=&#8221;4.16.0&#8243; _module_preset=&#8221;default&#8221; global_colors_info=&#8221;{}&#8221;][et_pb_blurb image=&#8221;https:\/\/v4.sly-second.tech\/wp-content\/uploads\/2023\/09\/gettyimages-73995658-612&#215;612-1.jpg&#8221; _builder_version=&#8221;4.16.0&#8243; _module_preset=&#8221;default&#8221; global_colors_info=&#8221;{}&#8221;]<\/p>\n<h1><b>Robert Nesta Marley<\/b><span>\u00a0<\/span><a href=\"https:\/\/www.wikiwand.com\/fr\/Nom_de_sc%C3%A8ne\" title=\"Nom de sc\u00e8ne\" class=\"wl\">dit<\/a><span>\u00a0<\/span><b>Bob Marley<\/b>,<\/h1>\n<p>n\u00e9 le<span>\u00a0<\/span><time class=\"nowrap bday\" datetime=\"1945-02-06\" data-sort-value=\"1945-02-06\" about=\"#mwt13\" typeof=\"mw:Transclusion\" data-mw=\"{&quot;parts&quot;:[{&quot;template&quot;:{&quot;target&quot;:{&quot;wt&quot;:&quot;date de naissance&quot;,&quot;href&quot;:&quot;.\/Mod\u00e8le:Date_de_naissance&quot;},&quot;params&quot;:{&quot;1&quot;:{&quot;wt&quot;:&quot;6 f\u00e9vrier 1945&quot;}},&quot;i&quot;:0}}]}\">6 f\u00e9vrier 1945<\/time><span>\u00a0<\/span>\u00e0<span>\u00a0<\/span><a href=\"https:\/\/www.wikiwand.com\/fr\/Nine_Miles\" title=\"Nine Miles\" class=\"wl\">Nine Miles<\/a><span>\u00a0<\/span>(<a href=\"https:\/\/www.wikiwand.com\/fr\/Jama%C3%AFque\" title=\"Jama\u00efque\" class=\"wl\">Jama\u00efque<\/a>) et mort \u00e0 36 ans le<span>\u00a0<\/span><time class=\"nowrap dday\" datetime=\"1981-05-11\" data-sort-value=\"1981-05-11\" about=\"#mwt14\" typeof=\"mw:Transclusion\" data-mw=\"{&quot;parts&quot;:[{&quot;template&quot;:{&quot;target&quot;:{&quot;wt&quot;:&quot;date de d\u00e9c\u00e8s&quot;,&quot;href&quot;:&quot;.\/Mod\u00e8le:Date_de_d\u00e9c\u00e8s&quot;},&quot;params&quot;:{&quot;1&quot;:{&quot;wt&quot;:&quot;11 mai 1981&quot;}},&quot;i&quot;:0}}]}\">11 mai 1981<\/time><span>\u00a0<\/span>\u00e0<span>\u00a0<\/span><a href=\"https:\/\/www.wikiwand.com\/fr\/Miami\" title=\"Miami\" class=\"wl\">Miami<\/a><span>\u00a0<\/span>(<a href=\"https:\/\/www.wikiwand.com\/fr\/%C3%89tats-Unis\" title=\"\u00c9tats-Unis\" class=\"wl\">\u00c9tats-Unis<\/a>) d&#8217;un<span>\u00a0<\/span><a href=\"https:\/\/www.wikiwand.com\/fr\/Cancer\" title=\"Cancer\" class=\"wl\">cancer<\/a><span>\u00a0<\/span>g\u00e9n\u00e9ralis\u00e9, est un<span>\u00a0<\/span><a href=\"https:\/\/www.wikiwand.com\/fr\/Auteur-compositeur-interpr%C3%A8te\" title=\"Auteur-compositeur-interpr\u00e8te\" class=\"wl\">auteur-compositeur-interpr\u00e8te<\/a><span>\u00a0<\/span>et<span>\u00a0<\/span><a href=\"https:\/\/www.wikiwand.com\/fr\/Musicien\" title=\"Musicien\" class=\"wl\">musicien<\/a><span>\u00a0<\/span><a href=\"https:\/\/www.wikiwand.com\/fr\/Jama%C3%AFque\" title=\"Jama\u00efque\" class=\"wl\">jama\u00efcain<\/a>. Il rencontre de son vivant un succ\u00e8s mondial, et reste \u00e0 ce jour le musicien le plus connu du<span>\u00a0<\/span><a href=\"https:\/\/www.wikiwand.com\/fr\/Reggae\" title=\"Reggae\" class=\"wl\">reggae<\/a>, tout en \u00e9tant consid\u00e9r\u00e9 comme celui qui a permis \u00e0 la<span>\u00a0<\/span><a href=\"https:\/\/www.wikiwand.com\/fr\/Musique_jama%C3%AFcaine\" title=\"Musique jama\u00efcaine\" class=\"wl\">musique jama\u00efcaine<\/a><span>\u00a0<\/span>et au<span>\u00a0<\/span><a href=\"https:\/\/www.wikiwand.com\/fr\/Mouvement_rastafari\" title=\"Mouvement rastafari\" class=\"wl\">mouvement rastafari<\/a><span>\u00a0<\/span>de conna\u00eetre une audience plan\u00e9taire. Il a vendu plus de 200 millions de disques \u00e0 travers le monde<span class=\"mw-ref reference\" id=\"cite_ref-1\"><a href=\"https:\/\/www.wikiwand.com\/fr\/Bob_Marley#cite_note-1\"><\/a><\/span>.<\/p>\n<p>[\/et_pb_blurb][\/et_pb_column][\/et_pb_row][\/et_pb_section]<\/p>\n","protected":false},"excerpt":{"rendered":"<p>Robert Nesta Marley\u00a0dit\u00a0Bob Marley, n\u00e9 le\u00a06 f\u00e9vrier 1945\u00a0\u00e0\u00a0Nine Miles\u00a0(Jama\u00efque) et mort \u00e0 36 ans le\u00a011 mai 1981\u00a0\u00e0\u00a0Miami\u00a0(\u00c9tats-Unis) d&#8217;un\u00a0cancer\u00a0g\u00e9n\u00e9ralis\u00e9, est un\u00a0auteur-compositeur-interpr\u00e8te\u00a0et\u00a0musicien\u00a0jama\u00efcain. Il rencontre de son vivant un succ\u00e8s mondial, et reste \u00e0 ce jour le musicien le plus connu du\u00a0reggae, tout en \u00e9tant consid\u00e9r\u00e9 comme celui qui a permis \u00e0 la\u00a0musique jama\u00efcaine\u00a0et au\u00a0mouvement rastafari\u00a0de conna\u00eetre une [&hellip;]<\/p>\n","protected":false},"author":1,"featured_media":0,"parent":0,"menu_order":0,"comment_status":"closed","ping_status":"closed","template":"","meta":{"_et_pb_use_builder":"on","_et_pb_old_content":"","_et_gb_content_width":"","footnotes":""},"class_list":["post-14","page","type-page","status-publish","hentry"],"yoast_head":"<!-- This site is optimized with the Yoast SEO plugin v26.7 - https:\/\/yoast.com\/wordpress\/plugins\/seo\/ -->\n<title>Accueil - v4sly<\/title>\n<meta name=\"robots\" content=\"index, follow, max-snippet:-1, max-image-preview:large, max-video-preview:-1\" \/>\n<link rel=\"canonical\" href=\"https:\/\/v4.sly-second.tech\/\" \/>\n<meta property=\"og:locale\" content=\"en_US\" \/>\n<meta property=\"og:type\" content=\"article\" \/>\n<meta property=\"og:title\" content=\"Accueil - v4sly\" \/>\n<meta property=\"og:description\" content=\"Robert Nesta Marley\u00a0dit\u00a0Bob Marley, n\u00e9 le\u00a06 f\u00e9vrier 1945\u00a0\u00e0\u00a0Nine Miles\u00a0(Jama\u00efque) et mort \u00e0 36 ans le\u00a011 mai 1981\u00a0\u00e0\u00a0Miami\u00a0(\u00c9tats-Unis) d&#039;un\u00a0cancer\u00a0g\u00e9n\u00e9ralis\u00e9, est un\u00a0auteur-compositeur-interpr\u00e8te\u00a0et\u00a0musicien\u00a0jama\u00efcain. Il rencontre de son vivant un succ\u00e8s mondial, et reste \u00e0 ce jour le musicien le plus connu du\u00a0reggae, tout en \u00e9tant consid\u00e9r\u00e9 comme celui qui a permis \u00e0 la\u00a0musique jama\u00efcaine\u00a0et au\u00a0mouvement rastafari\u00a0de conna\u00eetre une [&hellip;]\" \/>\n<meta property=\"og:url\" content=\"https:\/\/v4.sly-second.tech\/\" \/>\n<meta property=\"og:site_name\" content=\"v4sly\" \/>\n<meta property=\"article:modified_time\" content=\"2023-09-04T08:24:49+00:00\" \/>\n<meta name=\"twitter:card\" content=\"summary_large_image\" \/>\n<meta name=\"twitter:label1\" content=\"Est. reading time\" \/>\n\t<meta name=\"twitter:data1\" content=\"1 minute\" \/>\n<script type=\"application\/ld+json\" class=\"yoast-schema-graph\">{\"@context\":\"https:\/\/schema.org\",\"@graph\":[{\"@type\":\"WebPage\",\"@id\":\"https:\/\/v4.sly-second.tech\/\",\"url\":\"https:\/\/v4.sly-second.tech\/\",\"name\":\"Accueil - v4sly\",\"isPartOf\":{\"@id\":\"https:\/\/v4.sly-second.tech\/#website\"},\"datePublished\":\"2023-08-22T10:56:01+00:00\",\"dateModified\":\"2023-09-04T08:24:49+00:00\",\"breadcrumb\":{\"@id\":\"https:\/\/v4.sly-second.tech\/#breadcrumb\"},\"inLanguage\":\"en-US\",\"potentialAction\":[{\"@type\":\"ReadAction\",\"target\":[\"https:\/\/v4.sly-second.tech\/\"]}]},{\"@type\":\"BreadcrumbList\",\"@id\":\"https:\/\/v4.sly-second.tech\/#breadcrumb\",\"itemListElement\":[{\"@type\":\"ListItem\",\"position\":1,\"name\":\"Accueil\",\"item\":\"https:\/\/v4.sly-second.tech\/\"},{\"@type\":\"ListItem\",\"position\":2,\"name\":\"Accueil\"}]},{\"@type\":\"WebSite\",\"@id\":\"https:\/\/v4.sly-second.tech\/#website\",\"url\":\"https:\/\/v4.sly-second.tech\/\",\"name\":\"v4sly\",\"description\":\"\",\"potentialAction\":[{\"@type\":\"SearchAction\",\"target\":{\"@type\":\"EntryPoint\",\"urlTemplate\":\"https:\/\/v4.sly-second.tech\/?s={search_term_string}\"},\"query-input\":{\"@type\":\"PropertyValueSpecification\",\"valueRequired\":true,\"valueName\":\"search_term_string\"}}],\"inLanguage\":\"en-US\"}]}<\/script>\n<!-- \/ Yoast SEO plugin. -->","yoast_head_json":{"title":"Accueil - v4sly","robots":{"index":"index","follow":"follow","max-snippet":"max-snippet:-1","max-image-preview":"max-image-preview:large","max-video-preview":"max-video-preview:-1"},"canonical":"https:\/\/v4.sly-second.tech\/","og_locale":"en_US","og_type":"article","og_title":"Accueil - v4sly","og_description":"Robert Nesta Marley\u00a0dit\u00a0Bob Marley, n\u00e9 le\u00a06 f\u00e9vrier 1945\u00a0\u00e0\u00a0Nine Miles\u00a0(Jama\u00efque) et mort \u00e0 36 ans le\u00a011 mai 1981\u00a0\u00e0\u00a0Miami\u00a0(\u00c9tats-Unis) d'un\u00a0cancer\u00a0g\u00e9n\u00e9ralis\u00e9, est un\u00a0auteur-compositeur-interpr\u00e8te\u00a0et\u00a0musicien\u00a0jama\u00efcain. Il rencontre de son vivant un succ\u00e8s mondial, et reste \u00e0 ce jour le musicien le plus connu du\u00a0reggae, tout en \u00e9tant consid\u00e9r\u00e9 comme celui qui a permis \u00e0 la\u00a0musique jama\u00efcaine\u00a0et au\u00a0mouvement rastafari\u00a0de conna\u00eetre une [&hellip;]","og_url":"https:\/\/v4.sly-second.tech\/","og_site_name":"v4sly","article_modified_time":"2023-09-04T08:24:49+00:00","twitter_card":"summary_large_image","twitter_misc":{"Est. reading time":"1 minute"},"schema":{"@context":"https:\/\/schema.org","@graph":[{"@type":"WebPage","@id":"https:\/\/v4.sly-second.tech\/","url":"https:\/\/v4.sly-second.tech\/","name":"Accueil - v4sly","isPartOf":{"@id":"https:\/\/v4.sly-second.tech\/#website"},"datePublished":"2023-08-22T10:56:01+00:00","dateModified":"2023-09-04T08:24:49+00:00","breadcrumb":{"@id":"https:\/\/v4.sly-second.tech\/#breadcrumb"},"inLanguage":"en-US","potentialAction":[{"@type":"ReadAction","target":["https:\/\/v4.sly-second.tech\/"]}]},{"@type":"BreadcrumbList","@id":"https:\/\/v4.sly-second.tech\/#breadcrumb","itemListElement":[{"@type":"ListItem","position":1,"name":"Accueil","item":"https:\/\/v4.sly-second.tech\/"},{"@type":"ListItem","position":2,"name":"Accueil"}]},{"@type":"WebSite","@id":"https:\/\/v4.sly-second.tech\/#website","url":"https:\/\/v4.sly-second.tech\/","name":"v4sly","description":"","potentialAction":[{"@type":"SearchAction","target":{"@type":"EntryPoint","urlTemplate":"https:\/\/v4.sly-second.tech\/?s={search_term_string}"},"query-input":{"@type":"PropertyValueSpecification","valueRequired":true,"valueName":"search_term_string"}}],"inLanguage":"en-US"}]}},"_links":{"self":[{"href":"https:\/\/v4.sly-second.tech\/index.php\/wp-json\/wp\/v2\/pages\/14","targetHints":{"allow":["GET"]}}],"collection":[{"href":"https:\/\/v4.sly-second.tech\/index.php\/wp-json\/wp\/v2\/pages"}],"about":[{"href":"https:\/\/v4.sly-second.tech\/index.php\/wp-json\/wp\/v2\/types\/page"}],"author":[{"embeddable":true,"href":"https:\/\/v4.sly-second.tech\/index.php\/wp-json\/wp\/v2\/users\/1"}],"replies":[{"embeddable":true,"href":"https:\/\/v4.sly-second.tech\/index.php\/wp-json\/wp\/v2\/comments?post=14"}],"version-history":[{"count":10,"href":"https:\/\/v4.sly-second.tech\/index.php\/wp-json\/wp\/v2\/pages\/14\/revisions"}],"predecessor-version":[{"id":179,"href":"https:\/\/v4.sly-second.tech\/index.php\/wp-json\/wp\/v2\/pages\/14\/revisions\/179"}],"wp:attachment":[{"href":"https:\/\/v4.sly-second.tech\/index.php\/wp-json\/wp\/v2\/media?parent=14"}],"curies":[{"name":"wp","href":"https:\/\/api.w.org\/{rel}","templated":true}]}}