{"id":112,"date":"2023-09-02T10:53:09","date_gmt":"2023-09-02T08:53:09","guid":{"rendered":"https:\/\/v4.sly-second.tech\/?page_id=112"},"modified":"2023-09-02T15:21:44","modified_gmt":"2023-09-02T13:21:44","slug":"biographie","status":"publish","type":"page","link":"https:\/\/v4.sly-second.tech\/index.php\/biographie\/","title":{"rendered":"Biographie"},"content":{"rendered":"<p>[et_pb_section fb_built=&#8221;1&#8243; _builder_version=&#8221;4.16.0&#8243; _module_preset=&#8221;default&#8221; global_colors_info=&#8221;{}&#8221;][et_pb_row column_structure=&#8221;1_2,1_2&#8243; _builder_version=&#8221;4.16.0&#8243; _module_preset=&#8221;default&#8221; global_colors_info=&#8221;{}&#8221;][et_pb_column type=&#8221;1_2&#8243; _builder_version=&#8221;4.16.0&#8243; _module_preset=&#8221;default&#8221; global_colors_info=&#8221;{}&#8221;][et_pb_accordion _builder_version=&#8221;4.16.0&#8243; _module_preset=&#8221;default&#8221; hover_enabled=&#8221;0&#8243; global_colors_info=&#8221;{}&#8221; sticky_enabled=&#8221;0&#8243;][et_pb_accordion_item title=&#8221;Naissance et origine&#8221; open=&#8221;on&#8221; _builder_version=&#8221;4.16.0&#8243; _module_preset=&#8221;default&#8221; global_colors_info=&#8221;{}&#8221;]<\/p>\n<h2 class=\"section-h\">Biographie<\/h2>\n<figure class=\"mw-default-size mw-halign-left wiki-thumb\">\n<p>&nbsp;<\/p><figcaption>Robert Nesta Marley<span class=\"mw-ref reference\" id=\"cite_ref-7\"><a href=\"https:\/\/www.wikiwand.com\/fr\/Bob_Marley#cite_note-7\" data-mw-group=\"Note\"><\/a><\/span>\u00a0est n\u00e9 le\u00a0<time class=\"nowrap\" datetime=\"1945-02-06\" data-sort-value=\"1945-02-06\" about=\"#mwt46\" typeof=\"mw:Transclusion\" data-mw=\"{&quot;parts&quot;:[{&quot;template&quot;:{&quot;target&quot;:{&quot;wt&quot;:&quot;date-&quot;,&quot;href&quot;:&quot;.\/Mod\u00e8le:Date-&quot;},&quot;params&quot;:{&quot;1&quot;:{&quot;wt&quot;:&quot;6&quot;},&quot;2&quot;:{&quot;wt&quot;:&quot;f\u00e9vrier&quot;},&quot;3&quot;:{&quot;wt&quot;:&quot;1945&quot;}},&quot;i&quot;:0}}]}\">6 f\u00e9vrier 1945<\/time><span class=\"mw-ref reference\" id=\"cite_ref-8\"><a href=\"https:\/\/www.wikiwand.com\/fr\/Bob_Marley#cite_note-8\" data-mw-group=\"Note\"><\/a><\/span>\u00a0dans la ferme de ses grands-parents maternels, Omeriah Malcolm et Albertha Whilby, tous deux\u00a0<a href=\"https:\/\/www.wikiwand.com\/fr\/Afro-Carib%C3%A9ens\" title=\"Afro-Carib\u00e9ens\" class=\"wl\">Afro-Carib\u00e9ens<\/a>, planteurs de caf\u00e9, bananes, piments,\u00a0<abbr class=\"abbr \" about=\"#mwt47\">etc.<\/abbr>, \u00e0 Rhoden Hall, pr\u00e8s de\u00a0<a href=\"https:\/\/www.wikiwand.com\/fr\/Nine_Miles\" title=\"Nine Miles\" class=\"wl\">Nine Miles<\/a>, dans la\u00a0<a href=\"https:\/\/www.wikiwand.com\/fr\/Paroisse_de_Saint_Ann\" title=\"Paroisse de Saint Ann\" class=\"wl\">paroisse de Saint Ann<\/a>, connue comme la\u00a0<a href=\"https:\/\/www.wikiwand.com\/fr\/Maison_natale_de_Bob_Marley\" title=\"Maison natale de Bob Marley\" class=\"wl\">maison natale de Bob Marley<\/a>, et dans laquelle il passa son enfance, d&#8217;une m\u00e8re \u00e2g\u00e9e de 18 ans,\u00a0<a href=\"https:\/\/www.wikiwand.com\/fr\/Cedella_Booker\" title=\"Cedella Booker\" class=\"wl\">Cedella Malcolm<\/a>, sixi\u00e8me fille des Malcolm, \u00e9pouse Marley puis Booker, (1926-2008), et d&#8217;un p\u00e8re blanc, d&#8217;origine anglaise. N\u00e9 en Jama\u00efque, alors colonie britannique, \u00e2g\u00e9 de 59 ans au moment de la naissance de son fils, Norval Sinclair Marley (1885\u20131955), qui pr\u00e9tendait avoir \u00e9t\u00e9 capitaine des\u00a0<a href=\"https:\/\/www.wikiwand.com\/fr\/Royal_Marines\" title=\"Royal Marines\" class=\"wl\">Royal Marines<\/a>, se faisait appeler \u00ab\u00a0Capitaine\u00a0\u00bb, et \u00e9tait contrema\u00eetre de plantation (\u00ab\u00a0Il supervisait la subdivision de terres rurales\u00a0\u00bb<span class=\"mw-ref reference\" id=\"cite_ref-sr_9-0\"><a href=\"https:\/\/www.wikiwand.com\/fr\/Bob_Marley#cite_note-sr-9\"><\/a><\/span>). Robert a tr\u00e8s peu connu son p\u00e8re, souvent en voyage, et dont la famille d\u00e9sapprouvait le mariage, mais lui apportait cependant le soutien financier (irr\u00e9gulier) n\u00e9cessaire \u00e0 Cedella et \u00e0 son fils<span class=\"mw-ref reference\" id=\"cite_ref-10\"><a href=\"https:\/\/www.wikiwand.com\/fr\/Bob_Marley#cite_note-10\"><\/a><\/span>. Les grands-parents paternels de Bob sont Albert Thomas Marley, anglais du\u00a0<a href=\"https:\/\/www.wikiwand.com\/fr\/Sussex\" title=\"Sussex\" class=\"wl\">Sussex<\/a>, et Ellen Broomfield, originaire du\u00a0<a href=\"https:\/\/www.wikiwand.com\/fr\/Levant_(Proche-Orient)\" title=\"Levant (Proche-Orient)\" class=\"wl\">Levant<\/a>\u00a0n\u00e9e en Jama\u00efque. D&#8217;apr\u00e8s Michael George Marley (fils de Noel Marley, lui-m\u00eame fr\u00e8re de Norval Marley), qui l&#8217;aurait appris de sa famille, puis v\u00e9rifi\u00e9, les Marley seraient des\u00a0<a href=\"https:\/\/www.wikiwand.com\/fr\/Juifs\" title=\"Juifs\" class=\"wl\">Juifs<\/a>\u00a0<a href=\"https:\/\/www.wikiwand.com\/fr\/Syrie\" title=\"Syrie\" class=\"wl\">syriens<\/a>\u00a0pass\u00e9s par l&#8217;<a href=\"https:\/\/www.wikiwand.com\/fr\/Angleterre\" title=\"Angleterre\" class=\"wl\">Angleterre<\/a>\u00a0avant de s&#8217;installer en Jama\u00efque<span class=\"mw-ref reference\" id=\"cite_ref-11\"><a href=\"https:\/\/www.wikiwand.com\/fr\/Bob_Marley#cite_note-11\"><\/a><\/span>\u00a0(\u00c0 noter que Christopher Marley, de la famille c\u00f4t\u00e9 Norval Marley, a d\u00e9clar\u00e9, lui\u00a0: \u00ab\u00a0La famille de Norval Marley n&#8217;a jamais \u00e9t\u00e9 syrienne\u00a0\u00bb<span class=\"mw-ref reference\" id=\"cite_ref-sr_9-1\"><a href=\"https:\/\/www.wikiwand.com\/fr\/Bob_Marley#cite_note-sr-9\"><\/a><\/span>.<\/figcaption><\/figure>\n<p>[\/et_pb_accordion_item][et_pb_accordion_item title=&#8221;P\u00e9riode ska&#8221; open=&#8221;off&#8221; _builder_version=&#8221;4.16.0&#8243; _module_preset=&#8221;default&#8221; hover_enabled=&#8221;0&#8243; global_colors_info=&#8221;{}&#8221; sticky_enabled=&#8221;0&#8243;]<\/p>\n<h3 class=\"section-h\"><\/h3>\n<figure class=\"mw-default-size wiki-thumb\"><a href=\"https:\/\/www.wikiwand.com\/fr\/Fichier:Nine-Mile-Jamaica.JPG\" class=\"mw-file-description image media-thumb\" data-hash=\"Fichier:Nine-Mile-Jamaica.JPG\"><img src=\"https:\/\/upload.wikimedia.org\/wikipedia\/commons\/thumb\/4\/43\/Nine-Mile-Jamaica.JPG\/220px-Nine-Mile-Jamaica.JPG\" decoding=\"async\" data-file-width=\"3072\" data-file-height=\"2304\" data-file-type=\"bitmap\" height=\"165\" width=\"220\" srcset=\"\/\/upload.wikimedia.org\/wikipedia\/commons\/thumb\/4\/43\/Nine-Mile-Jamaica.JPG\/330px-Nine-Mile-Jamaica.JPG 1.5x, \/\/upload.wikimedia.org\/wikipedia\/commons\/thumb\/4\/43\/Nine-Mile-Jamaica.JPG\/440px-Nine-Mile-Jamaica.JPG 2x\" class=\"mw-file-element\" loading=\"lazy\" alt=\"Fronton du \u00ab\u00a0Caf\u00e9 One Love\u00a0\u00bb de la maison natale de Bob Marley de Nine Miles.\" \/><\/a><\/figure>\n<figure class=\"mw-default-size wiki-thumb\">Fronton du\u00a0<i>\u00ab\u00a0Caf\u00e9 One Love\u00a0\u00bb<\/i>\u00a0de la\u00a0<a href=\"https:\/\/www.wikiwand.com\/fr\/Maison_natale_de_Bob_Marley\" title=\"Maison natale de Bob Marley\" class=\"wl\">maison natale de Bob Marley<\/a>\u00a0de\u00a0<a href=\"https:\/\/www.wikiwand.com\/fr\/Nine_Miles\" title=\"Nine Miles\" class=\"wl\">Nine Miles<\/a>.<\/figure>\n<p>\u00c0 l&#8217;adolescence, Bob Marley suit sa m\u00e8re qui quitte la mis\u00e8re de la campagne pour celle du ghetto de<span>\u00a0<\/span><a href=\"https:\/\/www.wikiwand.com\/fr\/Trenchtown\" title=\"Trenchtown\" class=\"wl\">Trenchtown<\/a><span>\u00a0<\/span>\u00e0<span>\u00a0<\/span><a href=\"https:\/\/www.wikiwand.com\/fr\/Kingston_(Jama%C3%AFque)\" title=\"Kingston (Jama\u00efque)\" class=\"wl\">Kingston<\/a>. Ayant arr\u00eat\u00e9 l&#8217;\u00e9cole \u00e0 14 ans, il retrouve \u00e0 Kingston Neville Livingston, dit plus tard<span>\u00a0<\/span><a href=\"https:\/\/www.wikiwand.com\/fr\/Bunny_Wailer\" title=\"Bunny Wailer\" class=\"wl\">Bunny Wailer<\/a>, qu&#8217;il connait depuis l&#8217;enfance \u00e0 Nine Miles, et y rencontre Winston Hubert McIntosh, dit<span>\u00a0<\/span><a href=\"https:\/\/www.wikiwand.com\/fr\/Peter_Tosh\" title=\"Peter Tosh\" class=\"wl\">Peter Tosh<\/a>, avec qui il chante des cantiques et des succ\u00e8s de<span>\u00a0<\/span><a href=\"https:\/\/www.wikiwand.com\/fr\/Musique_soul\" title=\"Musique soul\" class=\"wl\">soul am\u00e9ricaine<\/a><span>\u00a0<\/span>qu&#8217;ils entendent sur les radios de Miami. Le chanteur<span>\u00a0<\/span><a href=\"https:\/\/www.wikiwand.com\/fr\/Joe_Higgs\" title=\"Joe Higgs\" class=\"wl\">Joe Higgs<\/a>, qui vit lui aussi \u00e0 Trenchtown, leur donne des cours de chant et les fait beaucoup progresser. Bob Marley enregistre sa premi\u00e8re chanson<span>\u00a0<\/span><i>Judge Not<\/i><span>\u00a0<\/span>pour le producteur<span>\u00a0<\/span><a href=\"https:\/\/www.wikiwand.com\/fr\/Leslie_Kong\" title=\"Leslie Kong\" class=\"wl\">Leslie Kong<\/a>, du label<span>\u00a0<\/span><a href=\"https:\/\/www.wikiwand.com\/fr\/Beverley's\" title=\"Beverley's\" class=\"mw-redirect wl\">Beverley&#8217;s<\/a>, en<span>\u00a0<\/span><a href=\"https:\/\/www.wikiwand.com\/fr\/1962_en_musique\" title=\"1962 en musique\" class=\"wl\">1962<\/a>, \u00e0 l&#8217;\u00e2ge de 17 ans, ainsi qu&#8217;une reprise d&#8217;un succ\u00e8s de<span>\u00a0<\/span><a href=\"https:\/\/www.wikiwand.com\/fr\/Musique_country\" title=\"Musique country\" class=\"wl\">country<\/a><span>\u00a0<\/span>de Claude Gray<span>\u00a0<\/span>:<span>\u00a0<\/span><i>One Cup of Coffee<\/i><span>\u00a0<\/span>en 1962. Ces titres n&#8217;ont que peu de succ\u00e8s, mais il continue \u00e0 s&#8217;investir dans la musique.<\/p>\n<p>Bob Marley commence sa carri\u00e8re musicale en 1962. En<span>\u00a0<\/span><a href=\"https:\/\/www.wikiwand.com\/fr\/1963_en_musique\" title=\"1963 en musique\" class=\"wl\">1963<\/a>, il forme avec Neville O&#8217;Reilly Livingston (plus tard<span>\u00a0<\/span><a href=\"https:\/\/www.wikiwand.com\/fr\/Bunny_Wailer\" title=\"Bunny Wailer\" class=\"wl\">Bunny Wailer<\/a>) et Wynston Hubert McIntosh (plus tard<span>\u00a0<\/span><a href=\"https:\/\/www.wikiwand.com\/fr\/Peter_Tosh\" title=\"Peter Tosh\" class=\"wl\">Peter Tosh<\/a>) un trio vocal sur le mod\u00e8le des groupes vocaux am\u00e9ricains comme les Impressions. Le trio est tout d&#8217;abord appel\u00e9 les Wailing Wailers, avant de finir par s&#8217;appeler<span>\u00a0<\/span><a href=\"https:\/\/www.wikiwand.com\/fr\/The_Wailers\" title=\"The Wailers\" class=\"wl\">The Wailers<\/a><span>\u00a0<\/span>(les g\u00e9misseurs). Le groupe int\u00e8gre aussi<span>\u00a0<\/span><a href=\"https:\/\/www.wikiwand.com\/fr\/Junior_Braithwaite\" title=\"Junior Braithwaite\" class=\"wl\">Junior Braithwaite<\/a><span>\u00a0<\/span>ainsi que, comme \u00ab<span>\u00a0<\/span>Waillers Minute<span>\u00a0<\/span>\u00bb, Beverley Kelso et Cherry Green<span class=\"mw-ref reference\" id=\"cite_ref-12\"><a href=\"https:\/\/www.wikiwand.com\/fr\/Bob_Marley#cite_note-12\"><\/a><\/span>. Ils obtiennent un contrat avec<span>\u00a0<\/span><a href=\"https:\/\/www.wikiwand.com\/fr\/Studio_One\" title=\"Studio One\" class=\"wl\">Studio One<\/a><span>\u00a0<\/span>en<span>\u00a0<\/span><a href=\"https:\/\/www.wikiwand.com\/fr\/1964_en_musique\" title=\"1964 en musique\" class=\"wl\">1964<\/a><span>\u00a0<\/span>et leurs premiers morceaux de<span>\u00a0<\/span><a href=\"https:\/\/www.wikiwand.com\/fr\/Ska\" title=\"Ska\" class=\"wl\">ska<\/a>,<span>\u00a0<\/span><a href=\"https:\/\/www.wikiwand.com\/fr\/Gospel\" title=\"Gospel\" class=\"wl\">gospel<\/a>,<span>\u00a0<\/span><a href=\"https:\/\/www.wikiwand.com\/fr\/Rhythm_and_blues\" title=\"Rhythm and blues\" class=\"wl\">rhythm and blues<\/a><span>\u00a0<\/span>et soul sont produits par le grand producteur local<span>\u00a0<\/span><a href=\"https:\/\/www.wikiwand.com\/fr\/Coxsone\" title=\"Coxsone\" class=\"wl\">Clement \u00ab<span>\u00a0<\/span>Sir Coxsone<span>\u00a0<\/span>\u00bb Dodd<\/a>, qui a pour assistant en studio<span>\u00a0<\/span><a href=\"https:\/\/www.wikiwand.com\/fr\/Lee_Scratch_Perry\" title=\"Lee Scratch Perry\" class=\"wl\">Lee \u00ab<span>\u00a0<\/span>Scratch<span>\u00a0<\/span>\u00bb Perry<\/a><span>\u00a0<\/span>(Scratch assure aussi la promotion). Coxsone Dodd et les Wailers signent un contrat pour cinq ans. En f\u00e9vrier 1964, le titre<span>\u00a0<\/span><i><span class=\"new\">Simmer Down<\/span><span>\u00a0<\/span><a href=\"https:\/\/www.wikiwand.com\/en\/Simmer%20Down\" title=\"en:Simmer Down\" class=\"extiw wl\"><span class=\"indicateur-langue\">(en)<\/span><\/a><\/i><span>\u00a0<\/span>cartonne et devient<span>\u00a0<\/span><abbr class=\"abbr\" about=\"#mwt62\" typeof=\"mw:Transclusion\" data-mw=\"{&quot;parts&quot;:[{&quot;template&quot;:{&quot;target&quot;:{&quot;wt&quot;:&quot;n\u00b0&quot;,&quot;href&quot;:&quot;.\/Mod\u00e8le:N\u00b0&quot;},&quot;params&quot;:{&quot;1&quot;:{&quot;wt&quot;:&quot;1&quot;}},&quot;i&quot;:0}}]}\">n<sup>o<\/sup><\/abbr><span>\u00a0<\/span><span>1<\/span><span>\u00a0<\/span>en Jama\u00efque<span>\u00a0<\/span>:<span>\u00a0<\/span><span>80\u00a0000\u00a0copies<\/span><span>\u00a0<\/span>du titre sont vendues<span class=\"mw-ref reference\" id=\"cite_ref-13\"><a href=\"https:\/\/www.wikiwand.com\/fr\/Bob_Marley#cite_note-13\"><\/a><\/span>. C&#8217;est un acte politique au sens noble du terme, appel \u00e0 cesser les luttes fratricides entre ghettos et \u00e0 l&#8217;union pour lutter contre la mis\u00e8re. Les Wailers enregistrent<span>\u00a0<\/span><i>Rude Boy<\/i>,<span>\u00a0<\/span><i>I&#8217;m Still Waiting<\/i>,<span>\u00a0<\/span><i>Put It On<\/i><span>\u00a0<\/span>et une premi\u00e8re version de<span>\u00a0<\/span><i>One Love<\/i>. Bob Marley quitte son m\u00e9tier de soudeur. Apr\u00e8s l&#8217;album intitul\u00e9<span>\u00a0<\/span><i>The Wailin&#8217; Wailers<\/i><span>\u00a0<\/span>en 1965, le trio se s\u00e9pare de Coxsone, qui ne leur a pas vers\u00e9 grand-chose en contrepartie des dizaines de titres qu&#8217;ils ont enregistr\u00e9s pour lui<span class=\"mw-ref reference\" id=\"cite_ref-14\"><a href=\"https:\/\/www.wikiwand.com\/fr\/Bob_Marley#cite_note-14\"><\/a><\/span>.<\/p>\n<p>Tout au long de leur carri\u00e8re en trio, puis en solo, les Wailers feront les frais de producteurs, managers et autres proches mal intentionn\u00e9s qui n&#8217;auront aucun scrupule \u00e0 les d\u00e9pouiller, la pratique musicale \u00e0 cette \u00e9poque en Jama\u00efque n&#8217;\u00e9tant pas aux d\u00e9p\u00f4ts l\u00e9gaux et aux contrats \u00e9crits, la plupart des engagements se faisant sous forme de \u00ab<span>\u00a0<\/span>deals<span>\u00a0<\/span>\u00bb verbaux. Ainsi, les Wailers et plus tard Bob Marley se sont fait all\u00e8grement arnaquer, notamment par Coxsone Dodd, Duke Reid, Lee \u00ab<span>\u00a0<\/span>Scratch<span>\u00a0<\/span>\u00bb Perry, Leslie Kong, Danny Sims et autres Mortimo Planno, Allan \u00ab<span>\u00a0<\/span>Skill<span>\u00a0<\/span>\u00bb Cole, Don Taylor<span>,<\/span><span>\u00a0<\/span><abbr class=\"abbr \" about=\"#mwt70\">etc.<\/abbr><span>\u00a0<\/span>Des volumes financiers qui, si l&#8217;on devait faire les comptes des arri\u00e9r\u00e9s de \u00ab<span>\u00a0<\/span>royalties<span>\u00a0<\/span>\u00bb et autres d\u00e9tournements de recettes, devraient \u00eatre finalement assez vertigineux.<\/p>\n<p>[\/et_pb_accordion_item][et_pb_accordion_item title=&#8221;Votre titre va ici&#8221; _builder_version=&#8221;4.16.0&#8243; _module_preset=&#8221;default&#8221; global_colors_info=&#8221;{}&#8221; open=&#8221;off&#8221;]<\/p>\n<p>Your content goes here. Edit or remove this text inline or in the module Content settings. You can also style every aspect of this content in the module Design settings and even apply custom CSS to this text in the module Advanced settings.<\/p>\n<p>[\/et_pb_accordion_item][\/et_pb_accordion][\/et_pb_column][et_pb_column type=&#8221;1_2&#8243; _builder_version=&#8221;4.16.0&#8243; _module_preset=&#8221;default&#8221; global_colors_info=&#8221;{}&#8221;][et_pb_image src=&#8221;https:\/\/v4.sly-second.tech\/wp-content\/uploads\/2023\/09\/330px-Bob_Marley_house_in_Nine_Mile.jpg&#8221; title_text=&#8221;330px-Bob_Marley_house_in_Nine_Mile&#8221; _builder_version=&#8221;4.16.0&#8243; _module_preset=&#8221;default&#8221; global_colors_info=&#8221;{}&#8221;][\/et_pb_image][\/et_pb_column][\/et_pb_row][\/et_pb_section]<\/p>\n","protected":false},"excerpt":{"rendered":"<p>Biographie &nbsp; Robert Nesta Marley\u00a0est n\u00e9 le\u00a06 f\u00e9vrier 1945\u00a0dans la ferme de ses grands-parents maternels, Omeriah Malcolm et Albertha Whilby, tous deux\u00a0Afro-Carib\u00e9ens, planteurs de caf\u00e9, bananes, piments,\u00a0etc., \u00e0 Rhoden Hall, pr\u00e8s de\u00a0Nine Miles, dans la\u00a0paroisse de Saint Ann, connue comme la\u00a0maison natale de Bob Marley, et dans laquelle il passa son enfance, d&#8217;une m\u00e8re \u00e2g\u00e9e [&hellip;]<\/p>\n","protected":false},"author":1,"featured_media":0,"parent":0,"menu_order":0,"comment_status":"closed","ping_status":"closed","template":"","meta":{"_et_pb_use_builder":"on","_et_pb_old_content":"","_et_gb_content_width":"","footnotes":""},"class_list":["post-112","page","type-page","status-publish","hentry"],"yoast_head":"<!-- This site is optimized with the Yoast SEO plugin v26.7 - https:\/\/yoast.com\/wordpress\/plugins\/seo\/ -->\n<title>Biographie - v4sly<\/title>\n<meta name=\"robots\" content=\"index, follow, max-snippet:-1, max-image-preview:large, max-video-preview:-1\" \/>\n<link rel=\"canonical\" href=\"https:\/\/v4.sly-second.tech\/index.php\/biographie\/\" \/>\n<meta property=\"og:locale\" content=\"en_US\" \/>\n<meta property=\"og:type\" content=\"article\" \/>\n<meta property=\"og:title\" content=\"Biographie - v4sly\" \/>\n<meta property=\"og:description\" content=\"Biographie &nbsp; Robert Nesta Marley\u00a0est n\u00e9 le\u00a06 f\u00e9vrier 1945\u00a0dans la ferme de ses grands-parents maternels, Omeriah Malcolm et Albertha Whilby, tous deux\u00a0Afro-Carib\u00e9ens, planteurs de caf\u00e9, bananes, piments,\u00a0etc., \u00e0 Rhoden Hall, pr\u00e8s de\u00a0Nine Miles, dans la\u00a0paroisse de Saint Ann, connue comme la\u00a0maison natale de Bob Marley, et dans laquelle il passa son enfance, d&#039;une m\u00e8re \u00e2g\u00e9e [&hellip;]\" \/>\n<meta property=\"og:url\" content=\"https:\/\/v4.sly-second.tech\/index.php\/biographie\/\" \/>\n<meta property=\"og:site_name\" content=\"v4sly\" \/>\n<meta property=\"article:modified_time\" content=\"2023-09-02T13:21:44+00:00\" \/>\n<meta property=\"og:image\" content=\"https:\/\/upload.wikimedia.org\/wikipedia\/commons\/thumb\/4\/43\/Nine-Mile-Jamaica.JPG\/220px-Nine-Mile-Jamaica.JPG\" \/>\n<meta name=\"twitter:card\" content=\"summary_large_image\" \/>\n<meta name=\"twitter:label1\" content=\"Est. reading time\" \/>\n\t<meta name=\"twitter:data1\" content=\"5 minutes\" \/>\n<script type=\"application\/ld+json\" class=\"yoast-schema-graph\">{\"@context\":\"https:\/\/schema.org\",\"@graph\":[{\"@type\":\"WebPage\",\"@id\":\"https:\/\/v4.sly-second.tech\/index.php\/biographie\/\",\"url\":\"https:\/\/v4.sly-second.tech\/index.php\/biographie\/\",\"name\":\"Biographie - v4sly\",\"isPartOf\":{\"@id\":\"https:\/\/v4.sly-second.tech\/#website\"},\"primaryImageOfPage\":{\"@id\":\"https:\/\/v4.sly-second.tech\/index.php\/biographie\/#primaryimage\"},\"image\":{\"@id\":\"https:\/\/v4.sly-second.tech\/index.php\/biographie\/#primaryimage\"},\"thumbnailUrl\":\"https:\/\/upload.wikimedia.org\/wikipedia\/commons\/thumb\/4\/43\/Nine-Mile-Jamaica.JPG\/220px-Nine-Mile-Jamaica.JPG\",\"datePublished\":\"2023-09-02T08:53:09+00:00\",\"dateModified\":\"2023-09-02T13:21:44+00:00\",\"breadcrumb\":{\"@id\":\"https:\/\/v4.sly-second.tech\/index.php\/biographie\/#breadcrumb\"},\"inLanguage\":\"en-US\",\"potentialAction\":[{\"@type\":\"ReadAction\",\"target\":[\"https:\/\/v4.sly-second.tech\/index.php\/biographie\/\"]}]},{\"@type\":\"ImageObject\",\"inLanguage\":\"en-US\",\"@id\":\"https:\/\/v4.sly-second.tech\/index.php\/biographie\/#primaryimage\",\"url\":\"https:\/\/upload.wikimedia.org\/wikipedia\/commons\/thumb\/4\/43\/Nine-Mile-Jamaica.JPG\/220px-Nine-Mile-Jamaica.JPG\",\"contentUrl\":\"https:\/\/upload.wikimedia.org\/wikipedia\/commons\/thumb\/4\/43\/Nine-Mile-Jamaica.JPG\/220px-Nine-Mile-Jamaica.JPG\"},{\"@type\":\"BreadcrumbList\",\"@id\":\"https:\/\/v4.sly-second.tech\/index.php\/biographie\/#breadcrumb\",\"itemListElement\":[{\"@type\":\"ListItem\",\"position\":1,\"name\":\"Accueil\",\"item\":\"https:\/\/v4.sly-second.tech\/\"},{\"@type\":\"ListItem\",\"position\":2,\"name\":\"Biographie\"}]},{\"@type\":\"WebSite\",\"@id\":\"https:\/\/v4.sly-second.tech\/#website\",\"url\":\"https:\/\/v4.sly-second.tech\/\",\"name\":\"v4sly\",\"description\":\"\",\"potentialAction\":[{\"@type\":\"SearchAction\",\"target\":{\"@type\":\"EntryPoint\",\"urlTemplate\":\"https:\/\/v4.sly-second.tech\/?s={search_term_string}\"},\"query-input\":{\"@type\":\"PropertyValueSpecification\",\"valueRequired\":true,\"valueName\":\"search_term_string\"}}],\"inLanguage\":\"en-US\"}]}<\/script>\n<!-- \/ Yoast SEO plugin. -->","yoast_head_json":{"title":"Biographie - v4sly","robots":{"index":"index","follow":"follow","max-snippet":"max-snippet:-1","max-image-preview":"max-image-preview:large","max-video-preview":"max-video-preview:-1"},"canonical":"https:\/\/v4.sly-second.tech\/index.php\/biographie\/","og_locale":"en_US","og_type":"article","og_title":"Biographie - v4sly","og_description":"Biographie &nbsp; Robert Nesta Marley\u00a0est n\u00e9 le\u00a06 f\u00e9vrier 1945\u00a0dans la ferme de ses grands-parents maternels, Omeriah Malcolm et Albertha Whilby, tous deux\u00a0Afro-Carib\u00e9ens, planteurs de caf\u00e9, bananes, piments,\u00a0etc., \u00e0 Rhoden Hall, pr\u00e8s de\u00a0Nine Miles, dans la\u00a0paroisse de Saint Ann, connue comme la\u00a0maison natale de Bob Marley, et dans laquelle il passa son enfance, d'une m\u00e8re \u00e2g\u00e9e [&hellip;]","og_url":"https:\/\/v4.sly-second.tech\/index.php\/biographie\/","og_site_name":"v4sly","article_modified_time":"2023-09-02T13:21:44+00:00","og_image":[{"url":"https:\/\/upload.wikimedia.org\/wikipedia\/commons\/thumb\/4\/43\/Nine-Mile-Jamaica.JPG\/220px-Nine-Mile-Jamaica.JPG","type":"","width":"","height":""}],"twitter_card":"summary_large_image","twitter_misc":{"Est. reading time":"5 minutes"},"schema":{"@context":"https:\/\/schema.org","@graph":[{"@type":"WebPage","@id":"https:\/\/v4.sly-second.tech\/index.php\/biographie\/","url":"https:\/\/v4.sly-second.tech\/index.php\/biographie\/","name":"Biographie - v4sly","isPartOf":{"@id":"https:\/\/v4.sly-second.tech\/#website"},"primaryImageOfPage":{"@id":"https:\/\/v4.sly-second.tech\/index.php\/biographie\/#primaryimage"},"image":{"@id":"https:\/\/v4.sly-second.tech\/index.php\/biographie\/#primaryimage"},"thumbnailUrl":"https:\/\/upload.wikimedia.org\/wikipedia\/commons\/thumb\/4\/43\/Nine-Mile-Jamaica.JPG\/220px-Nine-Mile-Jamaica.JPG","datePublished":"2023-09-02T08:53:09+00:00","dateModified":"2023-09-02T13:21:44+00:00","breadcrumb":{"@id":"https:\/\/v4.sly-second.tech\/index.php\/biographie\/#breadcrumb"},"inLanguage":"en-US","potentialAction":[{"@type":"ReadAction","target":["https:\/\/v4.sly-second.tech\/index.php\/biographie\/"]}]},{"@type":"ImageObject","inLanguage":"en-US","@id":"https:\/\/v4.sly-second.tech\/index.php\/biographie\/#primaryimage","url":"https:\/\/upload.wikimedia.org\/wikipedia\/commons\/thumb\/4\/43\/Nine-Mile-Jamaica.JPG\/220px-Nine-Mile-Jamaica.JPG","contentUrl":"https:\/\/upload.wikimedia.org\/wikipedia\/commons\/thumb\/4\/43\/Nine-Mile-Jamaica.JPG\/220px-Nine-Mile-Jamaica.JPG"},{"@type":"BreadcrumbList","@id":"https:\/\/v4.sly-second.tech\/index.php\/biographie\/#breadcrumb","itemListElement":[{"@type":"ListItem","position":1,"name":"Accueil","item":"https:\/\/v4.sly-second.tech\/"},{"@type":"ListItem","position":2,"name":"Biographie"}]},{"@type":"WebSite","@id":"https:\/\/v4.sly-second.tech\/#website","url":"https:\/\/v4.sly-second.tech\/","name":"v4sly","description":"","potentialAction":[{"@type":"SearchAction","target":{"@type":"EntryPoint","urlTemplate":"https:\/\/v4.sly-second.tech\/?s={search_term_string}"},"query-input":{"@type":"PropertyValueSpecification","valueRequired":true,"valueName":"search_term_string"}}],"inLanguage":"en-US"}]}},"_links":{"self":[{"href":"https:\/\/v4.sly-second.tech\/index.php\/wp-json\/wp\/v2\/pages\/112","targetHints":{"allow":["GET"]}}],"collection":[{"href":"https:\/\/v4.sly-second.tech\/index.php\/wp-json\/wp\/v2\/pages"}],"about":[{"href":"https:\/\/v4.sly-second.tech\/index.php\/wp-json\/wp\/v2\/types\/page"}],"author":[{"embeddable":true,"href":"https:\/\/v4.sly-second.tech\/index.php\/wp-json\/wp\/v2\/users\/1"}],"replies":[{"embeddable":true,"href":"https:\/\/v4.sly-second.tech\/index.php\/wp-json\/wp\/v2\/comments?post=112"}],"version-history":[{"count":7,"href":"https:\/\/v4.sly-second.tech\/index.php\/wp-json\/wp\/v2\/pages\/112\/revisions"}],"predecessor-version":[{"id":130,"href":"https:\/\/v4.sly-second.tech\/index.php\/wp-json\/wp\/v2\/pages\/112\/revisions\/130"}],"wp:attachment":[{"href":"https:\/\/v4.sly-second.tech\/index.php\/wp-json\/wp\/v2\/media?parent=112"}],"curies":[{"name":"wp","href":"https:\/\/api.w.org\/{rel}","templated":true}]}}